{"id":19,"date":"2021-12-18T07:53:00","date_gmt":"2021-12-18T06:53:00","guid":{"rendered":"http:\/\/www.teamflixecourt80.fr\/gravel\/?page_id=19"},"modified":"2025-04-14T08:19:08","modified_gmt":"2025-04-14T06:19:08","slug":"nos-partenaires","status":"publish","type":"page","link":"https:\/\/www.teamflixecourt80.fr\/gravel\/?page_id=19","title":{"rendered":"Nos partenaires"},"content":{"rendered":"\n<div class=\"wp-block-cover is-light\" style=\"min-height:150px;aspect-ratio:unset;\"><span aria-hidden=\"true\" class=\"wp-block-cover__background has-background-dim-20 has-background-dim\"><\/span><img loading=\"lazy\" decoding=\"async\" width=\"1500\" height=\"318\" class=\"wp-block-cover__image-background wp-image-765\" alt=\"\" src=\"https:\/\/www.teamflixecourt80.fr\/gravel\/wp-content\/uploads\/2022\/01\/banniere_cycliste.png\" data-object-fit=\"cover\" srcset=\"https:\/\/www.teamflixecourt80.fr\/gravel\/wp-content\/uploads\/2022\/01\/banniere_cycliste.png 1500w, https:\/\/www.teamflixecourt80.fr\/gravel\/wp-content\/uploads\/2022\/01\/banniere_cycliste-300x64.png 300w, https:\/\/www.teamflixecourt80.fr\/gravel\/wp-content\/uploads\/2022\/01\/banniere_cycliste-1024x217.png 1024w, https:\/\/www.teamflixecourt80.fr\/gravel\/wp-content\/uploads\/2022\/01\/banniere_cycliste-768x163.png 768w\" sizes=\"auto, (max-width: 1500px) 100vw, 1500px\" \/><div class=\"wp-block-cover__inner-container is-layout-flow wp-block-cover-is-layout-flow\">\n<p class=\"has-text-align-center has-white-color has-text-color\" style=\"font-size:50px\">NOS PARTENAIRES<\/p>\n<\/div><\/div>\n\n\n\n<h1 class=\"wp-block-heading has-text-align-center\" id=\"merci-pour-votre-confiance\"> Merci pour votre confiance <\/h1>\n\n\n\n<div class=\"wp-block-media-text is-stacked-on-mobile\" style=\"grid-template-columns:81% auto\"><figure class=\"wp-block-media-text__media\"><a href=\"https:\/\/www.tek-cycle.com\/\" target=\"_blank\" rel=\"noopener\"><img loading=\"lazy\" decoding=\"async\" width=\"1024\" height=\"440\" src=\"https:\/\/www.teamflixecourt80.fr\/gravel\/wp-content\/uploads\/2025\/04\/fb319aa3fcf0575faaaa28317ad8c6821-1024x440.jpg\" alt=\"\" class=\"wp-image-1443 size-full\" srcset=\"https:\/\/www.teamflixecourt80.fr\/gravel\/wp-content\/uploads\/2025\/04\/fb319aa3fcf0575faaaa28317ad8c6821-1024x440.jpg 1024w, https:\/\/www.teamflixecourt80.fr\/gravel\/wp-content\/uploads\/2025\/04\/fb319aa3fcf0575faaaa28317ad8c6821-300x129.jpg 300w, https:\/\/www.teamflixecourt80.fr\/gravel\/wp-content\/uploads\/2025\/04\/fb319aa3fcf0575faaaa28317ad8c6821-768x330.jpg 768w, https:\/\/www.teamflixecourt80.fr\/gravel\/wp-content\/uploads\/2025\/04\/fb319aa3fcf0575faaaa28317ad8c6821.jpg 1360w\" sizes=\"auto, (max-width: 1024px) 100vw, 1024px\" \/><\/a><\/figure><div class=\"wp-block-media-text__content\">\n<p style=\"font-size:25px\">Tek Cycle Salouel<\/p>\n\n\n\n<p><\/p>\n<\/div><\/div>\n\n\n\n<div class=\"wp-block-media-text is-stacked-on-mobile is-vertically-aligned-top\" style=\"grid-template-columns:24% auto\"><figure class=\"wp-block-media-text__media\"><a href=\"https:\/\/www.gravelpassion.fr\/\" target=\"_blank\" rel=\"noopener\"><img loading=\"lazy\" decoding=\"async\" width=\"500\" height=\"500\" src=\"https:\/\/www.teamflixecourt80.fr\/gravel\/wp-content\/uploads\/2022\/02\/Logo-rond-gravelpassion.fr-500x500-1.png\" alt=\"\" class=\"wp-image-908 size-full\" srcset=\"https:\/\/www.teamflixecourt80.fr\/gravel\/wp-content\/uploads\/2022\/02\/Logo-rond-gravelpassion.fr-500x500-1.png 500w, https:\/\/www.teamflixecourt80.fr\/gravel\/wp-content\/uploads\/2022\/02\/Logo-rond-gravelpassion.fr-500x500-1-300x300.png 300w, https:\/\/www.teamflixecourt80.fr\/gravel\/wp-content\/uploads\/2022\/02\/Logo-rond-gravelpassion.fr-500x500-1-150x150.png 150w\" sizes=\"auto, (max-width: 500px) 100vw, 500px\" \/><\/a><\/figure><div class=\"wp-block-media-text__content\">\n<p class=\"has-text-align-left\" style=\"font-size:25px\">La 1\u00e8re plateforme 100% d\u00e9di\u00e9e au gravel bike<\/p>\n<\/div><\/div>\n\n\n\n<div class=\"alignnormal\"><div id=\"metaslider-id-604\" style=\"max-width: 600px; margin: 0 auto;\" class=\"ml-slider-3-107-0 metaslider metaslider-nivo metaslider-604 ml-slider has-dots-nav ms-theme-nivo-light\" role=\"region\" aria-label=\"Partenaires\" data-height=\"400\" data-width=\"600\">\n    <div id=\"metaslider_container_604\">\n        <div class='slider-wrapper theme-default'><div class='ribbon'><\/div><div id='metaslider_604' class='nivoSlider'><img loading=\"lazy\" decoding=\"async\" width=\"592\" height=\"294\" src=\"https:\/\/www.teamflixecourt80.fr\/gravel\/wp-content\/uploads\/2021\/12\/Logo_blason_Flixecourt.png\" class=\"slider-604 slide-605 msDefaultImage\" alt=\"\" data-caption=\"\" data-thumb=\"\" title=\"Logo_blason_Flixecourt\" rel=\"\" srcset=\"https:\/\/www.teamflixecourt80.fr\/gravel\/wp-content\/uploads\/2021\/12\/Logo_blason_Flixecourt.png 592w, https:\/\/www.teamflixecourt80.fr\/gravel\/wp-content\/uploads\/2021\/12\/Logo_blason_Flixecourt-300x150.png 300w\" sizes=\"auto, (max-width: 592px) 100vw, 592px\" \/><img loading=\"lazy\" decoding=\"async\" width=\"662\" height=\"183\" src=\"https:\/\/www.teamflixecourt80.fr\/gravel\/wp-content\/uploads\/2021\/12\/Logo_Giant.png\" class=\"slider-604 slide-606 msDefaultImage\" alt=\"\" data-caption=\"\" data-thumb=\"\" title=\"Logo_Giant\" rel=\"\" srcset=\"https:\/\/www.teamflixecourt80.fr\/gravel\/wp-content\/uploads\/2021\/12\/Logo_Giant.png 662w, https:\/\/www.teamflixecourt80.fr\/gravel\/wp-content\/uploads\/2021\/12\/Logo_Giant-300x83.png 300w\" sizes=\"auto, (max-width: 662px) 100vw, 662px\" \/><img loading=\"lazy\" decoding=\"async\" width=\"3308\" height=\"630\" src=\"https:\/\/www.teamflixecourt80.fr\/gravel\/wp-content\/uploads\/2021\/12\/logo-team-noir-sans-ombre.png\" class=\"slider-604 slide-607 msDefaultImage\" alt=\"\" data-caption=\"\" data-thumb=\"\" title=\"logo team noir sans ombre\" rel=\"\" srcset=\"https:\/\/www.teamflixecourt80.fr\/gravel\/wp-content\/uploads\/2021\/12\/logo-team-noir-sans-ombre.png 3308w, https:\/\/www.teamflixecourt80.fr\/gravel\/wp-content\/uploads\/2021\/12\/logo-team-noir-sans-ombre-300x57.png 300w, https:\/\/www.teamflixecourt80.fr\/gravel\/wp-content\/uploads\/2021\/12\/logo-team-noir-sans-ombre-1024x195.png 1024w, https:\/\/www.teamflixecourt80.fr\/gravel\/wp-content\/uploads\/2021\/12\/logo-team-noir-sans-ombre-768x146.png 768w, https:\/\/www.teamflixecourt80.fr\/gravel\/wp-content\/uploads\/2021\/12\/logo-team-noir-sans-ombre-1536x293.png 1536w, https:\/\/www.teamflixecourt80.fr\/gravel\/wp-content\/uploads\/2021\/12\/logo-team-noir-sans-ombre-2048x390.png 2048w\" sizes=\"auto, (max-width: 3308px) 100vw, 3308px\" \/><img loading=\"lazy\" decoding=\"async\" width=\"650\" height=\"366\" src=\"https:\/\/www.teamflixecourt80.fr\/gravel\/wp-content\/uploads\/2021\/12\/Credit-Agricole-Logo-650x366-1.png\" class=\"slider-604 slide-608 msDefaultImage\" alt=\"\" data-caption=\"\" data-thumb=\"\" title=\"Credit-Agricole-Logo-650x366\" rel=\"\" srcset=\"https:\/\/www.teamflixecourt80.fr\/gravel\/wp-content\/uploads\/2021\/12\/Credit-Agricole-Logo-650x366-1.png 650w, https:\/\/www.teamflixecourt80.fr\/gravel\/wp-content\/uploads\/2021\/12\/Credit-Agricole-Logo-650x366-1-300x169.png 300w\" sizes=\"auto, (max-width: 650px) 100vw, 650px\" \/><img loading=\"lazy\" decoding=\"async\" width=\"1311\" height=\"348\" src=\"https:\/\/www.teamflixecourt80.fr\/gravel\/wp-content\/uploads\/2021\/12\/Intersport.png\" class=\"slider-604 slide-611 msDefaultImage\" alt=\"\" data-caption=\"\" data-thumb=\"\" title=\"Intersport\" rel=\"\" srcset=\"https:\/\/www.teamflixecourt80.fr\/gravel\/wp-content\/uploads\/2021\/12\/Intersport.png 1311w, https:\/\/www.teamflixecourt80.fr\/gravel\/wp-content\/uploads\/2021\/12\/Intersport-300x80.png 300w, https:\/\/www.teamflixecourt80.fr\/gravel\/wp-content\/uploads\/2021\/12\/Intersport-1024x272.png 1024w, https:\/\/www.teamflixecourt80.fr\/gravel\/wp-content\/uploads\/2021\/12\/Intersport-768x204.png 768w\" sizes=\"auto, (max-width: 1311px) 100vw, 1311px\" \/><img loading=\"lazy\" decoding=\"async\" width=\"2132\" height=\"438\" src=\"https:\/\/www.teamflixecourt80.fr\/gravel\/wp-content\/uploads\/2021\/12\/AdemegLazer.png\" class=\"slider-604 slide-614 msDefaultImage\" alt=\"\" data-caption=\"\" data-thumb=\"\" title=\"AdemegLazer\" rel=\"\" srcset=\"https:\/\/www.teamflixecourt80.fr\/gravel\/wp-content\/uploads\/2021\/12\/AdemegLazer.png 2132w, https:\/\/www.teamflixecourt80.fr\/gravel\/wp-content\/uploads\/2021\/12\/AdemegLazer-300x62.png 300w, https:\/\/www.teamflixecourt80.fr\/gravel\/wp-content\/uploads\/2021\/12\/AdemegLazer-1024x210.png 1024w, https:\/\/www.teamflixecourt80.fr\/gravel\/wp-content\/uploads\/2021\/12\/AdemegLazer-768x158.png 768w, https:\/\/www.teamflixecourt80.fr\/gravel\/wp-content\/uploads\/2021\/12\/AdemegLazer-1536x316.png 1536w, https:\/\/www.teamflixecourt80.fr\/gravel\/wp-content\/uploads\/2021\/12\/AdemegLazer-2048x421.png 2048w\" sizes=\"auto, (max-width: 2132px) 100vw, 2132px\" \/><img loading=\"lazy\" decoding=\"async\" width=\"770\" height=\"264\" src=\"https:\/\/www.teamflixecourt80.fr\/gravel\/wp-content\/uploads\/2021\/12\/CARTE-CITTEM_02.png\" class=\"slider-604 slide-616 msDefaultImage\" alt=\"\" data-caption=\"\" data-thumb=\"\" title=\"CARTE CITTEM_02\" rel=\"\" srcset=\"https:\/\/www.teamflixecourt80.fr\/gravel\/wp-content\/uploads\/2021\/12\/CARTE-CITTEM_02.png 770w, https:\/\/www.teamflixecourt80.fr\/gravel\/wp-content\/uploads\/2021\/12\/CARTE-CITTEM_02-300x103.png 300w, https:\/\/www.teamflixecourt80.fr\/gravel\/wp-content\/uploads\/2021\/12\/CARTE-CITTEM_02-768x263.png 768w\" sizes=\"auto, (max-width: 770px) 100vw, 770px\" \/><img loading=\"lazy\" decoding=\"async\" width=\"701\" height=\"234\" src=\"https:\/\/www.teamflixecourt80.fr\/gravel\/wp-content\/uploads\/2021\/12\/lecoquelicot.png\" class=\"slider-604 slide-618 msDefaultImage\" alt=\"\" data-caption=\"\" data-thumb=\"\" title=\"lecoquelicot\" rel=\"\" srcset=\"https:\/\/www.teamflixecourt80.fr\/gravel\/wp-content\/uploads\/2021\/12\/lecoquelicot.png 701w, https:\/\/www.teamflixecourt80.fr\/gravel\/wp-content\/uploads\/2021\/12\/lecoquelicot-300x100.png 300w\" sizes=\"auto, (max-width: 701px) 100vw, 701px\" \/><img loading=\"lazy\" decoding=\"async\" width=\"770\" height=\"240\" src=\"https:\/\/www.teamflixecourt80.fr\/gravel\/wp-content\/uploads\/2021\/12\/244450453_3022396231348842_1792622007160970633_n.jpg\" class=\"slider-604 slide-620 msDefaultImage\" alt=\"\" data-caption=\"\" data-thumb=\"\" title=\"244450453_3022396231348842_1792622007160970633_n\" rel=\"\" srcset=\"https:\/\/www.teamflixecourt80.fr\/gravel\/wp-content\/uploads\/2021\/12\/244450453_3022396231348842_1792622007160970633_n.jpg 770w, https:\/\/www.teamflixecourt80.fr\/gravel\/wp-content\/uploads\/2021\/12\/244450453_3022396231348842_1792622007160970633_n-300x94.jpg 300w, https:\/\/www.teamflixecourt80.fr\/gravel\/wp-content\/uploads\/2021\/12\/244450453_3022396231348842_1792622007160970633_n-768x239.jpg 768w\" sizes=\"auto, (max-width: 770px) 100vw, 770px\" \/><img loading=\"lazy\" decoding=\"async\" width=\"1056\" height=\"211\" src=\"https:\/\/www.teamflixecourt80.fr\/gravel\/wp-content\/uploads\/2021\/12\/30-12-2021-19-44-39.png\" class=\"slider-604 slide-622 msDefaultImage\" alt=\"\" data-caption=\"\" data-thumb=\"\" title=\"30-12-2021 19-44-39\" rel=\"\" srcset=\"https:\/\/www.teamflixecourt80.fr\/gravel\/wp-content\/uploads\/2021\/12\/30-12-2021-19-44-39.png 1056w, https:\/\/www.teamflixecourt80.fr\/gravel\/wp-content\/uploads\/2021\/12\/30-12-2021-19-44-39-300x60.png 300w, https:\/\/www.teamflixecourt80.fr\/gravel\/wp-content\/uploads\/2021\/12\/30-12-2021-19-44-39-1024x205.png 1024w, https:\/\/www.teamflixecourt80.fr\/gravel\/wp-content\/uploads\/2021\/12\/30-12-2021-19-44-39-768x153.png 768w\" sizes=\"auto, (max-width: 1056px) 100vw, 1056px\" \/><img loading=\"lazy\" decoding=\"async\" width=\"1214\" height=\"272\" src=\"https:\/\/www.teamflixecourt80.fr\/gravel\/wp-content\/uploads\/2021\/12\/tech-1.png\" class=\"slider-604 slide-626 msDefaultImage\" alt=\"\" data-caption=\"\" data-thumb=\"\" title=\"tech\" rel=\"\" srcset=\"https:\/\/www.teamflixecourt80.fr\/gravel\/wp-content\/uploads\/2021\/12\/tech-1.png 1214w, https:\/\/www.teamflixecourt80.fr\/gravel\/wp-content\/uploads\/2021\/12\/tech-1-300x67.png 300w, https:\/\/www.teamflixecourt80.fr\/gravel\/wp-content\/uploads\/2021\/12\/tech-1-1024x229.png 1024w, https:\/\/www.teamflixecourt80.fr\/gravel\/wp-content\/uploads\/2021\/12\/tech-1-768x172.png 768w\" sizes=\"auto, (max-width: 1214px) 100vw, 1214px\" \/><\/div><\/div>\n        \n    <\/div>\n<\/div><\/div>\n","protected":false},"excerpt":{"rendered":"<p>Merci pour votre confiance Tek Cycle Salouel La 1\u00e8re plateforme 100% d\u00e9di\u00e9e au gravel bike<\/p>\n","protected":false},"author":1,"featured_media":0,"parent":0,"menu_order":0,"comment_status":"closed","ping_status":"closed","template":"","meta":{"ocean_post_layout":"","ocean_both_sidebars_style":"","ocean_both_sidebars_content_width":0,"ocean_both_sidebars_sidebars_width":0,"ocean_sidebar":"0","ocean_second_sidebar":"0","ocean_disable_margins":"enable","ocean_add_body_class":"","ocean_shortcode_before_top_bar":"","ocean_shortcode_after_top_bar":"","ocean_shortcode_before_header":"","ocean_shortcode_after_header":"","ocean_has_shortcode":"","ocean_shortcode_after_title":"","ocean_shortcode_before_footer_widgets":"","ocean_shortcode_after_footer_widgets":"","ocean_shortcode_before_footer_bottom":"","ocean_shortcode_after_footer_bottom":"","ocean_display_top_bar":"default","ocean_display_header":"default","ocean_header_style":"","ocean_center_header_left_menu":"0","ocean_custom_header_template":"0","ocean_custom_logo":0,"ocean_custom_retina_logo":0,"ocean_custom_logo_max_width":0,"ocean_custom_logo_tablet_max_width":0,"ocean_custom_logo_mobile_max_width":0,"ocean_custom_logo_max_height":0,"ocean_custom_logo_tablet_max_height":0,"ocean_custom_logo_mobile_max_height":0,"ocean_header_custom_menu":"0","ocean_menu_typo_font_family":"0","ocean_menu_typo_font_subset":"","ocean_menu_typo_font_size":0,"ocean_menu_typo_font_size_tablet":0,"ocean_menu_typo_font_size_mobile":0,"ocean_menu_typo_font_size_unit":"px","ocean_menu_typo_font_weight":"","ocean_menu_typo_font_weight_tablet":"","ocean_menu_typo_font_weight_mobile":"","ocean_menu_typo_transform":"","ocean_menu_typo_transform_tablet":"","ocean_menu_typo_transform_mobile":"","ocean_menu_typo_line_height":0,"ocean_menu_typo_line_height_tablet":0,"ocean_menu_typo_line_height_mobile":0,"ocean_menu_typo_line_height_unit":"","ocean_menu_typo_spacing":0,"ocean_menu_typo_spacing_tablet":0,"ocean_menu_typo_spacing_mobile":0,"ocean_menu_typo_spacing_unit":"","ocean_menu_link_color":"","ocean_menu_link_color_hover":"","ocean_menu_link_color_active":"","ocean_menu_link_background":"","ocean_menu_link_hover_background":"","ocean_menu_link_active_background":"","ocean_menu_social_links_bg":"","ocean_menu_social_hover_links_bg":"","ocean_menu_social_links_color":"","ocean_menu_social_hover_links_color":"","ocean_disable_title":"default","ocean_disable_heading":"default","ocean_post_title":"","ocean_post_subheading":"","ocean_post_title_style":"","ocean_post_title_background_color":"","ocean_post_title_background":0,"ocean_post_title_bg_image_position":"","ocean_post_title_bg_image_attachment":"","ocean_post_title_bg_image_repeat":"","ocean_post_title_bg_image_size":"","ocean_post_title_height":0,"ocean_post_title_bg_overlay":0.5,"ocean_post_title_bg_overlay_color":"","ocean_disable_breadcrumbs":"default","ocean_breadcrumbs_color":"","ocean_breadcrumbs_separator_color":"","ocean_breadcrumbs_links_color":"","ocean_breadcrumbs_links_hover_color":"","ocean_display_footer_widgets":"off","ocean_display_footer_bottom":"off","ocean_custom_footer_template":"0","omw_enable_modal_window":"enable","footnotes":""},"class_list":["post-19","page","type-page","status-publish","hentry","entry"],"_links":{"self":[{"href":"https:\/\/www.teamflixecourt80.fr\/gravel\/index.php?rest_route=\/wp\/v2\/pages\/19","targetHints":{"allow":["GET"]}}],"collection":[{"href":"https:\/\/www.teamflixecourt80.fr\/gravel\/index.php?rest_route=\/wp\/v2\/pages"}],"about":[{"href":"https:\/\/www.teamflixecourt80.fr\/gravel\/index.php?rest_route=\/wp\/v2\/types\/page"}],"author":[{"embeddable":true,"href":"https:\/\/www.teamflixecourt80.fr\/gravel\/index.php?rest_route=\/wp\/v2\/users\/1"}],"replies":[{"embeddable":true,"href":"https:\/\/www.teamflixecourt80.fr\/gravel\/index.php?rest_route=%2Fwp%2Fv2%2Fcomments&post=19"}],"version-history":[{"count":21,"href":"https:\/\/www.teamflixecourt80.fr\/gravel\/index.php?rest_route=\/wp\/v2\/pages\/19\/revisions"}],"predecessor-version":[{"id":1445,"href":"https:\/\/www.teamflixecourt80.fr\/gravel\/index.php?rest_route=\/wp\/v2\/pages\/19\/revisions\/1445"}],"wp:attachment":[{"href":"https:\/\/www.teamflixecourt80.fr\/gravel\/index.php?rest_route=%2Fwp%2Fv2%2Fmedia&parent=19"}],"curies":[{"name":"wp","href":"https:\/\/api.w.org\/{rel}","templated":true}]}}