{"id":36,"date":"2021-12-18T17:11:34","date_gmt":"2021-12-18T16:11:34","guid":{"rendered":"http:\/\/www.teamflixecourt80.fr\/gravel\/?page_id=36"},"modified":"2026-04-07T08:48:53","modified_gmt":"2026-04-07T06:48:53","slug":"levenement","status":"publish","type":"page","link":"https:\/\/www.teamflixecourt80.fr\/gravel\/","title":{"rendered":"L&#8217;\u00e9v\u00e9nement"},"content":{"rendered":"\n<div class=\"wp-block-cover is-light\" style=\"min-height:150px;aspect-ratio:unset;\"><img loading=\"lazy\" decoding=\"async\" width=\"1500\" height=\"318\" class=\"wp-block-cover__image-background wp-image-765\" alt=\"\" src=\"https:\/\/www.teamflixecourt80.fr\/gravel\/wp-content\/uploads\/2022\/01\/banniere_cycliste.png\" data-object-fit=\"cover\" srcset=\"https:\/\/www.teamflixecourt80.fr\/gravel\/wp-content\/uploads\/2022\/01\/banniere_cycliste.png 1500w, https:\/\/www.teamflixecourt80.fr\/gravel\/wp-content\/uploads\/2022\/01\/banniere_cycliste-300x64.png 300w, https:\/\/www.teamflixecourt80.fr\/gravel\/wp-content\/uploads\/2022\/01\/banniere_cycliste-1024x217.png 1024w, https:\/\/www.teamflixecourt80.fr\/gravel\/wp-content\/uploads\/2022\/01\/banniere_cycliste-768x163.png 768w\" sizes=\"auto, (max-width: 1500px) 100vw, 1500px\" \/><span aria-hidden=\"true\" class=\"wp-block-cover__background has-background-dim-20 has-background-dim\"><\/span><div class=\"wp-block-cover__inner-container is-layout-flow wp-block-cover-is-layout-flow\">\n<p class=\"has-text-align-center has-large-font-size\"><\/p>\n<\/div><\/div>\n\n\n\n<p class=\"has-text-align-center has-x-large-font-size\">Annulation de la 5i\u00e8me \u00e9dition<\/p>\n\n\n\n<h1 class=\"wp-block-heading has-text-align-center has-black-color has-text-color has-link-color has-large-font-size wp-elements-698824126b0edeaf368f32db5902289f\" id=\"le-25-juin-2022\">C\u2019est une d\u00e9cision difficile, mais nous devons annuler le Gravel Flix\u2019Tour 2026 faute d\u2019inscriptions suffisantes.<\/h1>\n\n\n\n<h1 class=\"wp-block-heading has-text-align-center\">Un vrai coup dur pour toute l\u2019\u00e9quipe qui s\u2019est investie avec passion pour vous pr\u00e9parer un bel \u00e9v\u00e9nement. Mais l\u2019histoire ne s\u2019arr\u00eate pas l\u00e0 <img loading=\"lazy\" decoding=\"async\" height=\"16\" width=\"16\" src=\"https:\/\/static.xx.fbcdn.net\/images\/emoji.php\/v9\/t6c\/1\/16\/1f4aa.png\" alt=\"\ud83d\udcaa\"> On apprend, on rebondit\u2026 et on reviendra encore plus forts !<\/h1>\n\n\n\n<h1 class=\"wp-block-heading has-text-align-center has-large-font-size\">Toutes les inscriptions seront rembours\u00e9es.<\/h1>\n\n\n<span class='mb-center maxbutton-6-center'><span class='maxbutton-6-container mb-container'><a class=\"maxbutton-6 maxbutton maxbutton-inscription-canceled\" target=\"_blank\" rel=\"noopener\" href=\"https:\/\/www.teamflixecourt80.fr\/gravel\/?page_id=36\"><span class='mb-text'>Annulation !!!<\/span><\/a><\/span><\/span>\n\n\n<div class=\"wp-block-image\">\n<figure class=\"aligncenter size-full\"><img loading=\"lazy\" decoding=\"async\" width=\"1159\" height=\"1489\" src=\"https:\/\/www.teamflixecourt80.fr\/gravel\/wp-content\/uploads\/2026\/04\/annulation-gravel_2026.jpg\" alt=\"\" class=\"wp-image-1526\" srcset=\"https:\/\/www.teamflixecourt80.fr\/gravel\/wp-content\/uploads\/2026\/04\/annulation-gravel_2026.jpg 1159w, https:\/\/www.teamflixecourt80.fr\/gravel\/wp-content\/uploads\/2026\/04\/annulation-gravel_2026-234x300.jpg 234w, https:\/\/www.teamflixecourt80.fr\/gravel\/wp-content\/uploads\/2026\/04\/annulation-gravel_2026-797x1024.jpg 797w, https:\/\/www.teamflixecourt80.fr\/gravel\/wp-content\/uploads\/2026\/04\/annulation-gravel_2026-768x987.jpg 768w\" sizes=\"auto, (max-width: 1159px) 100vw, 1159px\" \/><figcaption class=\"wp-element-caption\">Screenshot<\/figcaption><\/figure>\n<\/div>","protected":false},"excerpt":{"rendered":"<p>Annulation de la 5i\u00e8me \u00e9dition C\u2019est une d\u00e9cision difficile, mais nous devons annuler le Gravel Flix\u2019Tour 2026 faute d\u2019inscriptions suffisantes. Un vrai coup dur pour toute l\u2019\u00e9quipe qui s\u2019est investie avec passion pour vous pr\u00e9parer un bel \u00e9v\u00e9nement. Mais l\u2019histoire ne s\u2019arr\u00eate pas l\u00e0 On apprend, on rebondit\u2026 et on reviendra encore plus forts ! [&hellip;]<\/p>\n","protected":false},"author":1,"featured_media":0,"parent":0,"menu_order":0,"comment_status":"closed","ping_status":"closed","template":"","meta":{"ocean_post_layout":"","ocean_both_sidebars_style":"","ocean_both_sidebars_content_width":0,"ocean_both_sidebars_sidebars_width":0,"ocean_sidebar":"0","ocean_second_sidebar":"0","ocean_disable_margins":"enable","ocean_add_body_class":"","ocean_shortcode_before_top_bar":"","ocean_shortcode_after_top_bar":"","ocean_shortcode_before_header":"","ocean_shortcode_after_header":"","ocean_has_shortcode":"","ocean_shortcode_after_title":"","ocean_shortcode_before_footer_widgets":"","ocean_shortcode_after_footer_widgets":"","ocean_shortcode_before_footer_bottom":"","ocean_shortcode_after_footer_bottom":"","ocean_display_top_bar":"default","ocean_display_header":"default","ocean_header_style":"","ocean_center_header_left_menu":"0","ocean_custom_header_template":"0","ocean_custom_logo":0,"ocean_custom_retina_logo":0,"ocean_custom_logo_max_width":0,"ocean_custom_logo_tablet_max_width":0,"ocean_custom_logo_mobile_max_width":0,"ocean_custom_logo_max_height":0,"ocean_custom_logo_tablet_max_height":0,"ocean_custom_logo_mobile_max_height":0,"ocean_header_custom_menu":"0","ocean_menu_typo_font_family":"0","ocean_menu_typo_font_subset":"","ocean_menu_typo_font_size":0,"ocean_menu_typo_font_size_tablet":0,"ocean_menu_typo_font_size_mobile":0,"ocean_menu_typo_font_size_unit":"px","ocean_menu_typo_font_weight":"","ocean_menu_typo_font_weight_tablet":"","ocean_menu_typo_font_weight_mobile":"","ocean_menu_typo_transform":"","ocean_menu_typo_transform_tablet":"","ocean_menu_typo_transform_mobile":"","ocean_menu_typo_line_height":0,"ocean_menu_typo_line_height_tablet":0,"ocean_menu_typo_line_height_mobile":0,"ocean_menu_typo_line_height_unit":"","ocean_menu_typo_spacing":0,"ocean_menu_typo_spacing_tablet":0,"ocean_menu_typo_spacing_mobile":0,"ocean_menu_typo_spacing_unit":"","ocean_menu_link_color":"","ocean_menu_link_color_hover":"","ocean_menu_link_color_active":"","ocean_menu_link_background":"","ocean_menu_link_hover_background":"","ocean_menu_link_active_background":"","ocean_menu_social_links_bg":"","ocean_menu_social_hover_links_bg":"","ocean_menu_social_links_color":"","ocean_menu_social_hover_links_color":"","ocean_disable_title":"default","ocean_disable_heading":"default","ocean_post_title":"","ocean_post_subheading":"","ocean_post_title_style":"","ocean_post_title_background_color":"","ocean_post_title_background":0,"ocean_post_title_bg_image_position":"","ocean_post_title_bg_image_attachment":"","ocean_post_title_bg_image_repeat":"","ocean_post_title_bg_image_size":"","ocean_post_title_height":0,"ocean_post_title_bg_overlay":0.5,"ocean_post_title_bg_overlay_color":"","ocean_disable_breadcrumbs":"default","ocean_breadcrumbs_color":"","ocean_breadcrumbs_separator_color":"","ocean_breadcrumbs_links_color":"","ocean_breadcrumbs_links_hover_color":"","ocean_display_footer_widgets":"off","ocean_display_footer_bottom":"off","ocean_custom_footer_template":"0","omw_enable_modal_window":"enable","footnotes":""},"class_list":["post-36","page","type-page","status-publish","hentry","entry"],"_links":{"self":[{"href":"https:\/\/www.teamflixecourt80.fr\/gravel\/index.php?rest_route=\/wp\/v2\/pages\/36","targetHints":{"allow":["GET"]}}],"collection":[{"href":"https:\/\/www.teamflixecourt80.fr\/gravel\/index.php?rest_route=\/wp\/v2\/pages"}],"about":[{"href":"https:\/\/www.teamflixecourt80.fr\/gravel\/index.php?rest_route=\/wp\/v2\/types\/page"}],"author":[{"embeddable":true,"href":"https:\/\/www.teamflixecourt80.fr\/gravel\/index.php?rest_route=\/wp\/v2\/users\/1"}],"replies":[{"embeddable":true,"href":"https:\/\/www.teamflixecourt80.fr\/gravel\/index.php?rest_route=%2Fwp%2Fv2%2Fcomments&post=36"}],"version-history":[{"count":31,"href":"https:\/\/www.teamflixecourt80.fr\/gravel\/index.php?rest_route=\/wp\/v2\/pages\/36\/revisions"}],"predecessor-version":[{"id":1533,"href":"https:\/\/www.teamflixecourt80.fr\/gravel\/index.php?rest_route=\/wp\/v2\/pages\/36\/revisions\/1533"}],"wp:attachment":[{"href":"https:\/\/www.teamflixecourt80.fr\/gravel\/index.php?rest_route=%2Fwp%2Fv2%2Fmedia&parent=36"}],"curies":[{"name":"wp","href":"https:\/\/api.w.org\/{rel}","templated":true}]}}